{"id":195,"date":"2016-06-29T09:13:50","date_gmt":"2016-06-29T09:13:50","guid":{"rendered":"http:\/\/imkerei-stechwerk.ch\/?page_id=195"},"modified":"2017-06-24T10:55:37","modified_gmt":"2017-06-24T10:55:37","slug":"honig-vorbestellen","status":"publish","type":"page","link":"https:\/\/imkerei-stechwerk.ch\/?page_id=195","title":{"rendered":"Honig bestellen"},"content":{"rendered":"<p><!--Nun ist auch der Sommerhonig abgef\u00fcllt und kann ab sofort bestellt werden! \u00a0Es gibt nur eine kleine Menge vom fl\u00fcssigen Gold! Holt euch den Sommer in den Winter!\u00a0<img decoding=\"async\" loading=\"lazy\" class=\"alignnone size-medium wp-image-235\" src=\"http:\/\/imkerei-stechwerk.ch\/wp-content\/uploads\/2016\/06\/IMG_2745-632x474.jpg\" alt=\"img_2745\" width=\"632\" height=\"474\" srcset=\"https:\/\/imkerei-stechwerk.ch\/wp-content\/uploads\/2016\/06\/IMG_2745-632x474.jpg 632w, https:\/\/imkerei-stechwerk.ch\/wp-content\/uploads\/2016\/06\/IMG_2745-600x450.jpg 600w, https:\/\/imkerei-stechwerk.ch\/wp-content\/uploads\/2016\/06\/IMG_2745-768x576.jpg 768w, https:\/\/imkerei-stechwerk.ch\/wp-content\/uploads\/2016\/06\/IMG_2745-1020x764.jpg 1020w\" sizes=\"(max-width: 632px) 100vw, 632px\" \/>\n--><\/p>\n<p>Unsere Honigsorten:<\/p>\n<p>Zur Auswahl gibt es den Fr\u00fchlingshonig, der unbehandelt direkt in die Gl\u00e4ser abgef\u00fcllt wird. F\u00fcr jeden, der kristallinen Honig bevorzugt, ist der Fr\u00fchlingshonig ideal!<\/p>\n<p>F\u00fcr diejenigen, die einen cremigen Honig w\u00fcnschen, haben wir den Cremehonig in unserem Sortiment!<\/p>\n<p><!--Der Sommerhonig w\u00fcrzig-fein im Geschmack l\u00e4sst euch den Sommer auf der Zunge vergehen!--><\/p>\n<p><img decoding=\"async\" loading=\"lazy\" class=\"alignnone size-medium wp-image-215\" src=\"http:\/\/imkerei-stechwerk.ch\/wp-content\/uploads\/2016\/06\/IMG_2016-632x474.jpg\" alt=\"IMG_2016\" width=\"632\" height=\"474\" srcset=\"https:\/\/imkerei-stechwerk.ch\/wp-content\/uploads\/2016\/06\/IMG_2016-632x474.jpg 632w, https:\/\/imkerei-stechwerk.ch\/wp-content\/uploads\/2016\/06\/IMG_2016-600x450.jpg 600w, https:\/\/imkerei-stechwerk.ch\/wp-content\/uploads\/2016\/06\/IMG_2016-768x576.jpg 768w, https:\/\/imkerei-stechwerk.ch\/wp-content\/uploads\/2016\/06\/IMG_2016-1020x765.jpg 1020w, https:\/\/imkerei-stechwerk.ch\/wp-content\/uploads\/2016\/06\/IMG_2016.jpg 1600w\" sizes=\"(max-width: 632px) 100vw, 632px\" \/><br \/>\n<div role=\"form\" class=\"wpcf7\" id=\"wpcf7-f240-o1\" lang=\"en-US\" dir=\"ltr\">\n<div class=\"screen-reader-response\"><p role=\"status\" aria-live=\"polite\" aria-atomic=\"true\"><\/p> <ul><\/ul><\/div>\n<form action=\"\/index.php?rest_route=%2Fwp%2Fv2%2Fpages%2F195#wpcf7-f240-o1\" method=\"post\" class=\"wpcf7-form init\" novalidate=\"novalidate\" data-status=\"init\">\n<div style=\"display: none;\">\n<input type=\"hidden\" name=\"_wpcf7\" value=\"240\" \/>\n<input type=\"hidden\" name=\"_wpcf7_version\" value=\"5.5.6.1\" \/>\n<input type=\"hidden\" name=\"_wpcf7_locale\" value=\"en_US\" \/>\n<input type=\"hidden\" name=\"_wpcf7_unit_tag\" value=\"wpcf7-f240-o1\" \/>\n<input type=\"hidden\" name=\"_wpcf7_container_post\" value=\"0\" \/>\n<input type=\"hidden\" name=\"_wpcf7_posted_data_hash\" value=\"\" \/>\n<\/div>\n<p>Dein Name<br \/>\n    <span class=\"wpcf7-form-control-wrap your-name\"><input type=\"text\" name=\"your-name\" value=\"\" size=\"40\" class=\"wpcf7-form-control wpcf7-text wpcf7-validates-as-required\" aria-required=\"true\" aria-invalid=\"false\" \/><\/span> <\/p>\n<p>Deine Emailadresse<br \/>\n    <span class=\"wpcf7-form-control-wrap your-email\"><input type=\"email\" name=\"your-email\" value=\"\" size=\"40\" class=\"wpcf7-form-control wpcf7-text wpcf7-email wpcf7-validates-as-required wpcf7-validates-as-email\" aria-required=\"true\" aria-invalid=\"false\" \/><\/span> <\/p>\n<p>Deine Adresse<br \/>\n<span class=\"wpcf7-form-control-wrap Adresse\"><input type=\"text\" name=\"Adresse\" value=\"\" size=\"40\" class=\"wpcf7-form-control wpcf7-text wpcf7-validates-as-required\" aria-required=\"true\" aria-invalid=\"false\" \/><\/span><\/p>\n<p><span class=\"wpcf7-form-control-wrap checkbox-225\"><span class=\"wpcf7-form-control wpcf7-checkbox\"><span class=\"wpcf7-list-item first last\"><input type=\"checkbox\" name=\"checkbox-225[]\" value=\"Sommerhonig 500g f\u00fcr 16.- CHF\" \/><span class=\"wpcf7-list-item-label\">Sommerhonig 500g f\u00fcr 16.- CHF<\/span><\/span><\/span><\/span><br \/>\n<span class=\"wpcf7-form-control-wrap checkbox-225\"><span class=\"wpcf7-form-control wpcf7-checkbox\"><span class=\"wpcf7-list-item first last\"><input type=\"checkbox\" name=\"checkbox-225[]\" value=\"Fr\u00fchlingshonig 500g f\u00fcr 16.- CHF\" \/><span class=\"wpcf7-list-item-label\">Fr\u00fchlingshonig 500g f\u00fcr 16.- CHF<\/span><\/span><\/span><\/span><br \/>\n<span class=\"wpcf7-form-control-wrap checkbox-225\"><span class=\"wpcf7-form-control wpcf7-checkbox\"><span class=\"wpcf7-list-item first last\"><input type=\"checkbox\" name=\"checkbox-225[]\" value=\"Sommerhonig 320g f\u00fcr 11.- CHF\" \/><span class=\"wpcf7-list-item-label\">Sommerhonig 320g f\u00fcr 11.- CHF<\/span><\/span><\/span><\/span><br \/>\n<span class=\"wpcf7-form-control-wrap checkbox-225\"><span class=\"wpcf7-form-control wpcf7-checkbox\"><span class=\"wpcf7-list-item first last\"><input type=\"checkbox\" name=\"checkbox-225[]\" value=\"Fr\u00fchlingshonig 320g f\u00fcr 11.- CHF\" \/><span class=\"wpcf7-list-item-label\">Fr\u00fchlingshonig 320g f\u00fcr 11.- CHF<\/span><\/span><\/span><\/span><\/p>\n<p><span class=\"wpcf7-form-control-wrap checkbox-225\"><span class=\"wpcf7-form-control wpcf7-checkbox\"><span class=\"wpcf7-list-item first last\"><input type=\"checkbox\" name=\"checkbox-225[]\" value=\"Wachteleier 12 Stk. f\u00fcr 6.- CHF\" \/><span class=\"wpcf7-list-item-label\">Wachteleier 12 Stk. f\u00fcr 6.- CHF<\/span><\/span><\/span><\/span> <\/p>\n<p>Anzahl Gl\u00e4ser:<br \/>\n<span class=\"wpcf7-form-control-wrap Menge\"><input type=\"text\" name=\"Menge\" value=\"\" size=\"40\" class=\"wpcf7-form-control wpcf7-text wpcf7-validates-as-required\" aria-required=\"true\" aria-invalid=\"false\" \/><\/span><\/p>\n<p><span class=\"wpcf7-form-control-wrap quiz-425\"><label><span class=\"wpcf7-quiz-label\">Was gibt 5 plus 5?<\/span> <input type=\"text\" name=\"quiz-425\" size=\"40\" class=\"wpcf7-form-control wpcf7-quiz\" autocomplete=\"off\" aria-required=\"true\" aria-invalid=\"false\" \/><\/label><input type=\"hidden\" name=\"_wpcf7_quiz_answer_quiz-425\" value=\"431fd364532e725ba6ca45ba8e13b0dd\" \/><\/span><\/p>\n<p><input type=\"submit\" value=\"Send\" class=\"wpcf7-form-control has-spinner wpcf7-submit\" \/><\/p>\n<div class=\"wpcf7-response-output\" aria-hidden=\"true\"><\/div><\/form><\/div><br \/>\n*die Preise sind exklusive Versand<\/p>\n<p>**Versand innerhalb\u00a0von Winterthur frei<\/p>\n","protected":false},"excerpt":{"rendered":"<div class=\"entry-summary\">\nUnsere Honigsorten: Zur Auswahl gibt es den Fr\u00fchlingshonig, der unbehandelt direkt in&hellip;\n<\/div>\n<div class=\"link-more\"><a href=\"https:\/\/imkerei-stechwerk.ch\/?page_id=195\" class=\"more-link\">Continue reading<span class=\"screen-reader-text\"> &ldquo;Honig bestellen&rdquo;<\/span>&hellip;<\/a><\/div>\n","protected":false},"author":1,"featured_media":0,"parent":0,"menu_order":0,"comment_status":"closed","ping_status":"closed","template":"","meta":{"ngg_post_thumbnail":0},"_links":{"self":[{"href":"https:\/\/imkerei-stechwerk.ch\/index.php?rest_route=\/wp\/v2\/pages\/195"}],"collection":[{"href":"https:\/\/imkerei-stechwerk.ch\/index.php?rest_route=\/wp\/v2\/pages"}],"about":[{"href":"https:\/\/imkerei-stechwerk.ch\/index.php?rest_route=\/wp\/v2\/types\/page"}],"author":[{"embeddable":true,"href":"https:\/\/imkerei-stechwerk.ch\/index.php?rest_route=\/wp\/v2\/users\/1"}],"replies":[{"embeddable":true,"href":"https:\/\/imkerei-stechwerk.ch\/index.php?rest_route=%2Fwp%2Fv2%2Fcomments&post=195"}],"version-history":[{"count":24,"href":"https:\/\/imkerei-stechwerk.ch\/index.php?rest_route=\/wp\/v2\/pages\/195\/revisions"}],"predecessor-version":[{"id":244,"href":"https:\/\/imkerei-stechwerk.ch\/index.php?rest_route=\/wp\/v2\/pages\/195\/revisions\/244"}],"wp:attachment":[{"href":"https:\/\/imkerei-stechwerk.ch\/index.php?rest_route=%2Fwp%2Fv2%2Fmedia&parent=195"}],"curies":[{"name":"wp","href":"https:\/\/api.w.org\/{rel}","templated":true}]}}