{"id":2,"date":"2016-05-10T03:48:21","date_gmt":"2016-05-10T03:48:21","guid":{"rendered":"http:\/\/wp452m.a10-52-158-154.qa.plesk.ru\/wordpress\/?page_id=2"},"modified":"2016-06-08T11:33:16","modified_gmt":"2016-06-08T11:33:16","slug":"sample-page","status":"publish","type":"page","link":"https:\/\/imkerei-stechwerk.ch\/","title":{"rendered":"Home"},"content":{"rendered":"<p>Eine kleine und junge Imkerei, im wundersch\u00f6nen Z\u00fcricher Weinland gelegen. Hier hat es alles, was Imker und Biene ben\u00f6tigen:<\/p>\n<p>Traumhafte Landschaft mit Obstb\u00e4umen, Reben und Wiesen. Neben der Ruhe und Entspannung, die die Atmosph\u00e4re bietet, k\u00f6nnen wir die Arbeit mit unseren Damen geniessen.<\/p>\n<p>Das Resultat dieser Arbeit, ist das fl\u00fcssige Gold, der Honig.<\/p>\n<p><img decoding=\"async\" loading=\"lazy\" class=\"alignnone size-medium wp-image-111\" src=\"http:\/\/imkerei-stechwerk.ch\/wp-content\/uploads\/2016\/05\/bienen6-632x298.jpg\" alt=\"bienen6\" width=\"632\" height=\"298\" srcset=\"https:\/\/imkerei-stechwerk.ch\/wp-content\/uploads\/2016\/05\/bienen6-632x298.jpg 632w, https:\/\/imkerei-stechwerk.ch\/wp-content\/uploads\/2016\/05\/bienen6-600x283.jpg 600w, https:\/\/imkerei-stechwerk.ch\/wp-content\/uploads\/2016\/05\/bienen6-768x362.jpg 768w, https:\/\/imkerei-stechwerk.ch\/wp-content\/uploads\/2016\/05\/bienen6-1020x481.jpg 1020w, https:\/\/imkerei-stechwerk.ch\/wp-content\/uploads\/2016\/05\/bienen6.jpg 1600w\" sizes=\"(max-width: 632px) 100vw, 632px\" \/><\/p>\n","protected":false},"excerpt":{"rendered":"<div class=\"entry-summary\">\nEine kleine und junge Imkerei, im wundersch\u00f6nen Z\u00fcricher Weinland gelegen. Hier hat&hellip;\n<\/div>\n<div class=\"link-more\"><a href=\"https:\/\/imkerei-stechwerk.ch\/\" class=\"more-link\">Continue reading<span class=\"screen-reader-text\"> &ldquo;Home&rdquo;<\/span>&hellip;<\/a><\/div>\n","protected":false},"author":1,"featured_media":0,"parent":0,"menu_order":0,"comment_status":"closed","ping_status":"open","template":"","meta":{"ngg_post_thumbnail":0},"_links":{"self":[{"href":"https:\/\/imkerei-stechwerk.ch\/index.php?rest_route=\/wp\/v2\/pages\/2"}],"collection":[{"href":"https:\/\/imkerei-stechwerk.ch\/index.php?rest_route=\/wp\/v2\/pages"}],"about":[{"href":"https:\/\/imkerei-stechwerk.ch\/index.php?rest_route=\/wp\/v2\/types\/page"}],"author":[{"embeddable":true,"href":"https:\/\/imkerei-stechwerk.ch\/index.php?rest_route=\/wp\/v2\/users\/1"}],"replies":[{"embeddable":true,"href":"https:\/\/imkerei-stechwerk.ch\/index.php?rest_route=%2Fwp%2Fv2%2Fcomments&post=2"}],"version-history":[{"count":10,"href":"https:\/\/imkerei-stechwerk.ch\/index.php?rest_route=\/wp\/v2\/pages\/2\/revisions"}],"predecessor-version":[{"id":119,"href":"https:\/\/imkerei-stechwerk.ch\/index.php?rest_route=\/wp\/v2\/pages\/2\/revisions\/119"}],"wp:attachment":[{"href":"https:\/\/imkerei-stechwerk.ch\/index.php?rest_route=%2Fwp%2Fv2%2Fmedia&parent=2"}],"curies":[{"name":"wp","href":"https:\/\/api.w.org\/{rel}","templated":true}]}}