{"id":35,"date":"2016-05-30T18:31:58","date_gmt":"2016-05-30T18:31:58","guid":{"rendered":"http:\/\/imkerei-stechwerk.ch\/?page_id=35"},"modified":"2016-06-29T09:39:06","modified_gmt":"2016-06-29T09:39:06","slug":"bienen","status":"publish","type":"page","link":"https:\/\/imkerei-stechwerk.ch\/?page_id=35","title":{"rendered":"Bienen"},"content":{"rendered":"<p><cite>S\u00fc\u00df ist was ich schaffe,<\/cite><\/p>\n<p><cite>stechend meine Waffe,<\/cite><\/p>\n<p><cite>meine H\u00f6schen gelb wie Gold &#8211;<\/cite><\/p>\n<p><cite>allen Blumen bin ich hold.<\/cite><\/p>\n<p>Ein Bienenvolk ist ein Wunder der Natur. Tausende Bienen leben zusammen in einem System, in dem jeder seine Aufgabe hat und alles Tun auf das \u00dcberleben des Volkes ausgelegt ist. Ein Wunder, das auch\u00a0wir Menschen zum \u00dcberleben dringend ben\u00f6tigen. Denn nicht nur der Honig hat einen besonderen Wert f\u00fcr uns Menschen, sondern vor allem die Best\u00e4ubungsarbeit, die die Bienen verrichten ist f\u00fcr unsere Landwirtschaft essenziell. Ohne die Bienen w\u00fcrde unsere Landwirtschaft und damit auch unsere Nahrung nicht gedeihen k\u00f6nnen.<\/p>\n<p>Erfahre unter <a href=\"http:\/\/imkerei-stechwerk.ch\/?page_id=63\">Wissen<\/a> mehr \u00fcber die Bienen.<\/p>\n<p>&nbsp;<\/p>\n","protected":false},"excerpt":{"rendered":"<div class=\"entry-summary\">\nS\u00fc\u00df ist was ich schaffe, stechend meine Waffe, meine H\u00f6schen gelb wie&hellip;\n<\/div>\n<div class=\"link-more\"><a href=\"https:\/\/imkerei-stechwerk.ch\/?page_id=35\" class=\"more-link\">Continue reading<span class=\"screen-reader-text\"> &ldquo;Bienen&rdquo;<\/span>&hellip;<\/a><\/div>\n","protected":false},"author":1,"featured_media":0,"parent":0,"menu_order":0,"comment_status":"closed","ping_status":"closed","template":"","meta":{"ngg_post_thumbnail":0},"_links":{"self":[{"href":"https:\/\/imkerei-stechwerk.ch\/index.php?rest_route=\/wp\/v2\/pages\/35"}],"collection":[{"href":"https:\/\/imkerei-stechwerk.ch\/index.php?rest_route=\/wp\/v2\/pages"}],"about":[{"href":"https:\/\/imkerei-stechwerk.ch\/index.php?rest_route=\/wp\/v2\/types\/page"}],"author":[{"embeddable":true,"href":"https:\/\/imkerei-stechwerk.ch\/index.php?rest_route=\/wp\/v2\/users\/1"}],"replies":[{"embeddable":true,"href":"https:\/\/imkerei-stechwerk.ch\/index.php?rest_route=%2Fwp%2Fv2%2Fcomments&post=35"}],"version-history":[{"count":8,"href":"https:\/\/imkerei-stechwerk.ch\/index.php?rest_route=\/wp\/v2\/pages\/35\/revisions"}],"predecessor-version":[{"id":202,"href":"https:\/\/imkerei-stechwerk.ch\/index.php?rest_route=\/wp\/v2\/pages\/35\/revisions\/202"}],"wp:attachment":[{"href":"https:\/\/imkerei-stechwerk.ch\/index.php?rest_route=%2Fwp%2Fv2%2Fmedia&parent=35"}],"curies":[{"name":"wp","href":"https:\/\/api.w.org\/{rel}","templated":true}]}}