{"id":38,"date":"2016-05-30T18:32:55","date_gmt":"2016-05-30T18:32:55","guid":{"rendered":"http:\/\/imkerei-stechwerk.ch\/?page_id=38"},"modified":"2016-06-29T09:35:56","modified_gmt":"2016-06-29T09:35:56","slug":"angebot","status":"publish","type":"page","link":"https:\/\/imkerei-stechwerk.ch\/?page_id=38","title":{"rendered":"Angebot"},"content":{"rendered":"<p>Eine Vielzahl verschiedener Produkte k\u00f6nnen sie bei uns finden. Vom eigentlichen Produkt dem <a href=\"http:\/\/imkerei-stechwerk.ch\/?page_id=65\">Honig<\/a>, \u00fcber den <a href=\"http:\/\/imkerei-stechwerk.ch\/?page_id=71\">Bienenwachs <\/a>bis hin zu einer <a href=\"http:\/\/imkerei-stechwerk.ch\/?page_id=69\">Bienenpatenschaft<\/a> finden sie tolle Produkte bei uns! Wir achten bei unseren Produkten auf h\u00f6chste Qualit\u00e4t und freuen uns immer \u00fcber R\u00fcckmeldungen und Ideen.<\/p>\n","protected":false},"excerpt":{"rendered":"<div class=\"entry-summary\">\nEine Vielzahl verschiedener Produkte k\u00f6nnen sie bei uns finden. Vom eigentlichen Produkt&hellip;\n<\/div>\n<div class=\"link-more\"><a href=\"https:\/\/imkerei-stechwerk.ch\/?page_id=38\" class=\"more-link\">Continue reading<span class=\"screen-reader-text\"> &ldquo;Angebot&rdquo;<\/span>&hellip;<\/a><\/div>\n","protected":false},"author":1,"featured_media":0,"parent":0,"menu_order":0,"comment_status":"closed","ping_status":"closed","template":"","meta":{"ngg_post_thumbnail":0},"_links":{"self":[{"href":"https:\/\/imkerei-stechwerk.ch\/index.php?rest_route=\/wp\/v2\/pages\/38"}],"collection":[{"href":"https:\/\/imkerei-stechwerk.ch\/index.php?rest_route=\/wp\/v2\/pages"}],"about":[{"href":"https:\/\/imkerei-stechwerk.ch\/index.php?rest_route=\/wp\/v2\/types\/page"}],"author":[{"embeddable":true,"href":"https:\/\/imkerei-stechwerk.ch\/index.php?rest_route=\/wp\/v2\/users\/1"}],"replies":[{"embeddable":true,"href":"https:\/\/imkerei-stechwerk.ch\/index.php?rest_route=%2Fwp%2Fv2%2Fcomments&post=38"}],"version-history":[{"count":6,"href":"https:\/\/imkerei-stechwerk.ch\/index.php?rest_route=\/wp\/v2\/pages\/38\/revisions"}],"predecessor-version":[{"id":201,"href":"https:\/\/imkerei-stechwerk.ch\/index.php?rest_route=\/wp\/v2\/pages\/38\/revisions\/201"}],"wp:attachment":[{"href":"https:\/\/imkerei-stechwerk.ch\/index.php?rest_route=%2Fwp%2Fv2%2Fmedia&parent=38"}],"curies":[{"name":"wp","href":"https:\/\/api.w.org\/{rel}","templated":true}]}}