{"id":47,"date":"2016-05-30T18:34:36","date_gmt":"2016-05-30T18:34:36","guid":{"rendered":"http:\/\/imkerei-stechwerk.ch\/?page_id=47"},"modified":"2016-06-08T11:34:01","modified_gmt":"2016-06-08T11:34:01","slug":"home","status":"publish","type":"page","link":"https:\/\/imkerei-stechwerk.ch\/?page_id=47","title":{"rendered":"Die Imker"},"content":{"rendered":"<p><img decoding=\"async\" loading=\"lazy\" class=\"wp-image-58 aligncenter\" src=\"http:\/\/imkerei-stechwerk.ch\/wp-content\/uploads\/2016\/05\/Bienen2-632x474.jpg\" alt=\"Benschy und Mike\" width=\"621\" height=\"466\" srcset=\"https:\/\/imkerei-stechwerk.ch\/wp-content\/uploads\/2016\/05\/Bienen2-632x474.jpg 632w, https:\/\/imkerei-stechwerk.ch\/wp-content\/uploads\/2016\/05\/Bienen2-600x450.jpg 600w, https:\/\/imkerei-stechwerk.ch\/wp-content\/uploads\/2016\/05\/Bienen2-768x576.jpg 768w, https:\/\/imkerei-stechwerk.ch\/wp-content\/uploads\/2016\/05\/Bienen2-1020x765.jpg 1020w\" sizes=\"(max-width: 621px) 100vw, 621px\" \/><\/p>\n<p>Bienen haben uns schon immer fasziniert. Tausende von Bienen, jede hat eine Aufgabe und alles wird gesteuert und kontrolliert von einer Monarchin. Wie kann man davon nicht fasziniert sein? Doch f\u00fcr jeden von uns war klar, dass wir eine so grosse Aufgabe nicht alleine bew\u00e4ltigen, geschweige denn die Verantwortung tragen k\u00f6nnen.<\/p>\n<p>Dass wir Imker wurden, verdanken wir, wie so oft im Leben, einer Reihe von Zuf\u00e4llen. Eigentlich wollte Mike nur mit einem einzigen Bienenvolk anfangen, doch es endete mit <img decoding=\"async\" loading=\"lazy\" class=\"wp-image-59 alignleft\" src=\"http:\/\/imkerei-stechwerk.ch\/wp-content\/uploads\/2016\/05\/bienen3-632x843.jpg\" alt=\"Roli\" width=\"277\" height=\"370\" srcset=\"https:\/\/imkerei-stechwerk.ch\/wp-content\/uploads\/2016\/05\/bienen3-632x843.jpg 632w, https:\/\/imkerei-stechwerk.ch\/wp-content\/uploads\/2016\/05\/bienen3-600x800.jpg 600w, https:\/\/imkerei-stechwerk.ch\/wp-content\/uploads\/2016\/05\/bienen3-768x1024.jpg 768w, https:\/\/imkerei-stechwerk.ch\/wp-content\/uploads\/2016\/05\/bienen3-1020x1360.jpg 1020w, https:\/\/imkerei-stechwerk.ch\/wp-content\/uploads\/2016\/05\/bienen3-scaled.jpg 1920w\" sizes=\"(max-width: 277px) 100vw, 277px\" \/>einem Bienenhaus, das heute bereits acht V\u00f6lker beheimatet. Gemeinsam sorgen wir daf\u00fcr, dass es unseren Ladies nicht langweilig wird, dass sie gesund und munter sind und immer gen\u00fcgend Vorr\u00e4te haben. Auch wenn sie manchmal etwas zickig unterwegs sind und wir den einen oder anderen Stich kassieren, nehmen wir dies den Damen nicht allzu \u00fcbel.<\/p>\n<p>Bereits von Anfang an waren wir uns sicher: wir m\u00f6chten so viel wie m\u00f6glich selber machen! So bauen wir unsere eigenen Bienenh\u00e4user und Transportboxen, folgen unserer eigenen Intuition und unseren Wertvorstellungen beim Imkern. Uns ist die Qualit\u00e4t im Glas genauso wichtig, wie die Gesundheit unserer Bienen. Wir setzen daher nur nat\u00fcrliche Produkte zur allf\u00e4lligen Krankheitsbek\u00e4mpfung ein.<\/p>\n<p>&nbsp;<\/p>\n","protected":false},"excerpt":{"rendered":"<div class=\"entry-summary\">\nBienen haben uns schon immer fasziniert. Tausende von Bienen, jede hat eine&hellip;\n<\/div>\n<div class=\"link-more\"><a href=\"https:\/\/imkerei-stechwerk.ch\/?page_id=47\" class=\"more-link\">Continue reading<span class=\"screen-reader-text\"> &ldquo;Die Imker&rdquo;<\/span>&hellip;<\/a><\/div>\n","protected":false},"author":1,"featured_media":0,"parent":0,"menu_order":0,"comment_status":"closed","ping_status":"closed","template":"","meta":{"ngg_post_thumbnail":0},"_links":{"self":[{"href":"https:\/\/imkerei-stechwerk.ch\/index.php?rest_route=\/wp\/v2\/pages\/47"}],"collection":[{"href":"https:\/\/imkerei-stechwerk.ch\/index.php?rest_route=\/wp\/v2\/pages"}],"about":[{"href":"https:\/\/imkerei-stechwerk.ch\/index.php?rest_route=\/wp\/v2\/types\/page"}],"author":[{"embeddable":true,"href":"https:\/\/imkerei-stechwerk.ch\/index.php?rest_route=\/wp\/v2\/users\/1"}],"replies":[{"embeddable":true,"href":"https:\/\/imkerei-stechwerk.ch\/index.php?rest_route=%2Fwp%2Fv2%2Fcomments&post=47"}],"version-history":[{"count":5,"href":"https:\/\/imkerei-stechwerk.ch\/index.php?rest_route=\/wp\/v2\/pages\/47\/revisions"}],"predecessor-version":[{"id":120,"href":"https:\/\/imkerei-stechwerk.ch\/index.php?rest_route=\/wp\/v2\/pages\/47\/revisions\/120"}],"wp:attachment":[{"href":"https:\/\/imkerei-stechwerk.ch\/index.php?rest_route=%2Fwp%2Fv2%2Fmedia&parent=47"}],"curies":[{"name":"wp","href":"https:\/\/api.w.org\/{rel}","templated":true}]}}