{"id":61,"date":"2016-06-06T16:01:42","date_gmt":"2016-06-06T16:01:42","guid":{"rendered":"http:\/\/imkerei-stechwerk.ch\/?page_id=61"},"modified":"2016-06-26T22:33:52","modified_gmt":"2016-06-26T22:33:52","slug":"standort","status":"publish","type":"page","link":"https:\/\/imkerei-stechwerk.ch\/?page_id=61","title":{"rendered":"Standort"},"content":{"rendered":"<p><img decoding=\"async\" loading=\"lazy\" class=\"alignnone size-medium wp-image-123\" src=\"http:\/\/imkerei-stechwerk.ch\/wp-content\/uploads\/2016\/06\/bienenhaus-632x474.jpg\" alt=\"bienenhaus\" width=\"632\" height=\"474\" srcset=\"https:\/\/imkerei-stechwerk.ch\/wp-content\/uploads\/2016\/06\/bienenhaus-632x474.jpg 632w, https:\/\/imkerei-stechwerk.ch\/wp-content\/uploads\/2016\/06\/bienenhaus-600x450.jpg 600w, https:\/\/imkerei-stechwerk.ch\/wp-content\/uploads\/2016\/06\/bienenhaus-768x576.jpg 768w, https:\/\/imkerei-stechwerk.ch\/wp-content\/uploads\/2016\/06\/bienenhaus-1020x765.jpg 1020w, https:\/\/imkerei-stechwerk.ch\/wp-content\/uploads\/2016\/06\/bienenhaus.jpg 1600w\" sizes=\"(max-width: 632px) 100vw, 632px\" \/>Unser Bienenhaus liegt wundersch\u00f6n umgeben von Obstb\u00e4umen und Reben in Rudolfingen bei Marthalen im Z\u00fcricher Weinland. Wenig Verkehr und nachhaltige Landwirtschaft dominieren die Landschaft, welche von kleinen W\u00e4ldern erg\u00e4nzt wird. Das Haus selber liegt auf einer \u00f6kologischen Ausgleichsfl\u00e4che und bietet so den Bienen einen perfekten Lebensraum. Wir Imker sch\u00e4tzen dort Ruhe und Entspannung und geniessen so die Arbeit mit den Bienen in vollen Z\u00fcgen.<img decoding=\"async\" loading=\"lazy\" class=\"alignnone size-medium wp-image-111\" src=\"http:\/\/imkerei-stechwerk.ch\/wp-content\/uploads\/2016\/05\/bienen6-632x298.jpg\" alt=\"bienen6\" width=\"632\" height=\"298\" srcset=\"https:\/\/imkerei-stechwerk.ch\/wp-content\/uploads\/2016\/05\/bienen6-632x298.jpg 632w, https:\/\/imkerei-stechwerk.ch\/wp-content\/uploads\/2016\/05\/bienen6-600x283.jpg 600w, https:\/\/imkerei-stechwerk.ch\/wp-content\/uploads\/2016\/05\/bienen6-768x362.jpg 768w, https:\/\/imkerei-stechwerk.ch\/wp-content\/uploads\/2016\/05\/bienen6-1020x481.jpg 1020w, https:\/\/imkerei-stechwerk.ch\/wp-content\/uploads\/2016\/05\/bienen6.jpg 1600w\" sizes=\"(max-width: 632px) 100vw, 632px\" \/><\/p>\n","protected":false},"excerpt":{"rendered":"<div class=\"entry-summary\">\nUnser Bienenhaus liegt wundersch\u00f6n umgeben von Obstb\u00e4umen und Reben in Rudolfingen bei&hellip;\n<\/div>\n<div class=\"link-more\"><a href=\"https:\/\/imkerei-stechwerk.ch\/?page_id=61\" class=\"more-link\">Continue reading<span class=\"screen-reader-text\"> &ldquo;Standort&rdquo;<\/span>&hellip;<\/a><\/div>\n","protected":false},"author":1,"featured_media":0,"parent":0,"menu_order":0,"comment_status":"closed","ping_status":"closed","template":"","meta":{"ngg_post_thumbnail":0},"_links":{"self":[{"href":"https:\/\/imkerei-stechwerk.ch\/index.php?rest_route=\/wp\/v2\/pages\/61"}],"collection":[{"href":"https:\/\/imkerei-stechwerk.ch\/index.php?rest_route=\/wp\/v2\/pages"}],"about":[{"href":"https:\/\/imkerei-stechwerk.ch\/index.php?rest_route=\/wp\/v2\/types\/page"}],"author":[{"embeddable":true,"href":"https:\/\/imkerei-stechwerk.ch\/index.php?rest_route=\/wp\/v2\/users\/1"}],"replies":[{"embeddable":true,"href":"https:\/\/imkerei-stechwerk.ch\/index.php?rest_route=%2Fwp%2Fv2%2Fcomments&post=61"}],"version-history":[{"count":5,"href":"https:\/\/imkerei-stechwerk.ch\/index.php?rest_route=\/wp\/v2\/pages\/61\/revisions"}],"predecessor-version":[{"id":154,"href":"https:\/\/imkerei-stechwerk.ch\/index.php?rest_route=\/wp\/v2\/pages\/61\/revisions\/154"}],"wp:attachment":[{"href":"https:\/\/imkerei-stechwerk.ch\/index.php?rest_route=%2Fwp%2Fv2%2Fmedia&parent=61"}],"curies":[{"name":"wp","href":"https:\/\/api.w.org\/{rel}","templated":true}]}}