{"id":65,"date":"2016-06-06T16:02:31","date_gmt":"2016-06-06T16:02:31","guid":{"rendered":"http:\/\/imkerei-stechwerk.ch\/?page_id=65"},"modified":"2016-07-26T20:23:54","modified_gmt":"2016-07-26T20:23:54","slug":"honig","status":"publish","type":"page","link":"https:\/\/imkerei-stechwerk.ch\/?page_id=65","title":{"rendered":"Honig"},"content":{"rendered":"<p><img decoding=\"async\" loading=\"lazy\" class=\"alignnone size-medium wp-image-218\" src=\"http:\/\/imkerei-stechwerk.ch\/wp-content\/uploads\/2016\/06\/IMG_2017-632x474.jpg\" alt=\"IMG_2017\" width=\"632\" height=\"474\" srcset=\"https:\/\/imkerei-stechwerk.ch\/wp-content\/uploads\/2016\/06\/IMG_2017-632x474.jpg 632w, https:\/\/imkerei-stechwerk.ch\/wp-content\/uploads\/2016\/06\/IMG_2017-600x450.jpg 600w, https:\/\/imkerei-stechwerk.ch\/wp-content\/uploads\/2016\/06\/IMG_2017-768x576.jpg 768w, https:\/\/imkerei-stechwerk.ch\/wp-content\/uploads\/2016\/06\/IMG_2017-1020x765.jpg 1020w, https:\/\/imkerei-stechwerk.ch\/wp-content\/uploads\/2016\/06\/IMG_2017.jpg 1600w\" sizes=\"(max-width: 632px) 100vw, 632px\" \/>Honig, auch das fl\u00fcssige Gold genannt. Unser Honig stammt von den zahlreichen Obstb\u00e4umen, den Blumen auf den Wiesen und aus den schattigen W\u00e4ldern aus der Umgebung<\/p>\n<p>Honig eignet sich besonders als Brotaufstrich, aber auch als S\u00fcssungsmittel in der allt\u00e4glichen K\u00fcche.<\/p>\n<p>In unserem Sortiment findet man verschiedene Honige: von cremig-samt ger\u00fchrt bis naturbelassen und vom Fr\u00fchlingshonig bis zum Waldtrachthonig. Alles aus unserer eigenen Imkerei!<\/p>\n<p>Es gibt verschiedene Arten von Honig. In erster Linie kann man den Honig unterscheiden aufgrund des Bl\u00fctennektars, von welchem er gewonnen wurde. Mit den verschiedenen Trachten im Verlauf des Jahres resultieren auch verschiedene Honigsorten.<\/p>\n<p>Im Fr\u00fchling gibt es bei uns den feinen Bl\u00fctenhonig, der von den nahegelegen Obstb\u00e4umen und Wiesen stammt. Im Sommer gibt es in manchen Jahren einen Waldhonig. Dieser wird nicht vom Bl\u00fctennektar gewonnen, sondern vom sogenannten Honigtau, welcher von anderen Insekten abgesondert\u00a0und von den Bienen verwertet wird. Waldhonig ist oftmals dunkler und hat einen leicht herben und aromatischen Geschmack.<\/p>\n<p>Zu dem kann man Honig auch cremig r\u00fchren. Dabei wird der Honig durch intensives R\u00fchren w\u00e4hrend der Kristallisationsphase feincremig und weich gemacht. Durch das R\u00fchren kommt es zu einer mechanischen Zerkleinerung der Zuckerkristalle, was den Honig schlussendlich cremig macht.<\/p>\n","protected":false},"excerpt":{"rendered":"<div class=\"entry-summary\">\nHonig, auch das fl\u00fcssige Gold genannt. Unser Honig stammt von den zahlreichen&hellip;\n<\/div>\n<div class=\"link-more\"><a href=\"https:\/\/imkerei-stechwerk.ch\/?page_id=65\" class=\"more-link\">Continue reading<span class=\"screen-reader-text\"> &ldquo;Honig&rdquo;<\/span>&hellip;<\/a><\/div>\n","protected":false},"author":1,"featured_media":0,"parent":0,"menu_order":0,"comment_status":"closed","ping_status":"closed","template":"","meta":{"ngg_post_thumbnail":0},"_links":{"self":[{"href":"https:\/\/imkerei-stechwerk.ch\/index.php?rest_route=\/wp\/v2\/pages\/65"}],"collection":[{"href":"https:\/\/imkerei-stechwerk.ch\/index.php?rest_route=\/wp\/v2\/pages"}],"about":[{"href":"https:\/\/imkerei-stechwerk.ch\/index.php?rest_route=\/wp\/v2\/types\/page"}],"author":[{"embeddable":true,"href":"https:\/\/imkerei-stechwerk.ch\/index.php?rest_route=\/wp\/v2\/users\/1"}],"replies":[{"embeddable":true,"href":"https:\/\/imkerei-stechwerk.ch\/index.php?rest_route=%2Fwp%2Fv2%2Fcomments&post=65"}],"version-history":[{"count":7,"href":"https:\/\/imkerei-stechwerk.ch\/index.php?rest_route=\/wp\/v2\/pages\/65\/revisions"}],"predecessor-version":[{"id":219,"href":"https:\/\/imkerei-stechwerk.ch\/index.php?rest_route=\/wp\/v2\/pages\/65\/revisions\/219"}],"wp:attachment":[{"href":"https:\/\/imkerei-stechwerk.ch\/index.php?rest_route=%2Fwp%2Fv2%2Fmedia&parent=65"}],"curies":[{"name":"wp","href":"https:\/\/api.w.org\/{rel}","templated":true}]}}