{"id":71,"date":"2016-06-06T16:03:41","date_gmt":"2016-06-06T16:03:41","guid":{"rendered":"http:\/\/imkerei-stechwerk.ch\/?page_id=71"},"modified":"2016-06-29T09:30:14","modified_gmt":"2016-06-29T09:30:14","slug":"bienenwachs","status":"publish","type":"page","link":"https:\/\/imkerei-stechwerk.ch\/?page_id=71","title":{"rendered":"Bienenwachs"},"content":{"rendered":"<p>Bienenwachs ist ein weiteres Produkt, denn man neben dem Honig in der Imkerei gewinnen kann. Bienen nutzen das Wachs, um zu bauen. Die Baubiene sondert von ihrer Wachsdr\u00fcse, welche sich an ihrem Hinterleib befindet, Wachs ab.<\/p>\n<p>F\u00fcr die Herstellung eines Kilogramms Bienenwachs m\u00fcssen die Bienen circa vier Kilogramm Honig verzehren. Deshalb ist das Bienenwachs auch so wertvoll.<\/p>\n<p>Verwenden kann man das Bienenwachs zum einen f\u00fcr die Herstellung von Kerzen. Zum anderen wird das Wachs f\u00fcr Holzbehandlungen und als Grundlage f\u00fcr viele kosmetische Produkte verwendet.<\/p>\n","protected":false},"excerpt":{"rendered":"<div class=\"entry-summary\">\nBienenwachs ist ein weiteres Produkt, denn man neben dem Honig in der&hellip;\n<\/div>\n<div class=\"link-more\"><a href=\"https:\/\/imkerei-stechwerk.ch\/?page_id=71\" class=\"more-link\">Continue reading<span class=\"screen-reader-text\"> &ldquo;Bienenwachs&rdquo;<\/span>&hellip;<\/a><\/div>\n","protected":false},"author":1,"featured_media":0,"parent":0,"menu_order":0,"comment_status":"closed","ping_status":"closed","template":"","meta":{"ngg_post_thumbnail":0},"_links":{"self":[{"href":"https:\/\/imkerei-stechwerk.ch\/index.php?rest_route=\/wp\/v2\/pages\/71"}],"collection":[{"href":"https:\/\/imkerei-stechwerk.ch\/index.php?rest_route=\/wp\/v2\/pages"}],"about":[{"href":"https:\/\/imkerei-stechwerk.ch\/index.php?rest_route=\/wp\/v2\/types\/page"}],"author":[{"embeddable":true,"href":"https:\/\/imkerei-stechwerk.ch\/index.php?rest_route=\/wp\/v2\/users\/1"}],"replies":[{"embeddable":true,"href":"https:\/\/imkerei-stechwerk.ch\/index.php?rest_route=%2Fwp%2Fv2%2Fcomments&post=71"}],"version-history":[{"count":5,"href":"https:\/\/imkerei-stechwerk.ch\/index.php?rest_route=\/wp\/v2\/pages\/71\/revisions"}],"predecessor-version":[{"id":199,"href":"https:\/\/imkerei-stechwerk.ch\/index.php?rest_route=\/wp\/v2\/pages\/71\/revisions\/199"}],"wp:attachment":[{"href":"https:\/\/imkerei-stechwerk.ch\/index.php?rest_route=%2Fwp%2Fv2%2Fmedia&parent=71"}],"curies":[{"name":"wp","href":"https:\/\/api.w.org\/{rel}","templated":true}]}}